{"id":145,"date":"2015-05-20T07:21:26","date_gmt":"2015-05-20T06:21:26","guid":{"rendered":"https:\/\/stpere-opportune.fr\/?page_id=145"},"modified":"2021-10-25T09:02:35","modified_gmt":"2021-10-25T08:02:35","slug":"ogec","status":"publish","type":"page","link":"https:\/\/stpere-opportune.fr\/?page_id=145","title":{"rendered":"OGEC"},"content":{"rendered":"<p>Le bureau d&#8217; OGEC ( Organisme de Gestion des \u00c9coles Catholiques) est constitu\u00e9 pour l&#8217;ann\u00e9e 2021- 2022 de la fa\u00e7on suivante:<\/p>\n<p>Pr\u00e9sidente : Mr Mellerin Sulivan<\/p>\n<p>Vice-Pr\u00e9sident : Mr Odic Philippe<\/p>\n<p>Secr\u00e9taire : Mme Bernard Elodie<\/p>\n<p>Tr\u00e9sorier : Mr Queneudec Anthony<\/p>\n<p>+ Membres<\/p>\n<p>&nbsp;<\/p>\n<div id=\"sconnect-is-installed\" style=\"display: none;\">&nbsp;<\/div>\n","protected":false},"excerpt":{"rendered":"<p>Le bureau d&#8217; OGEC ( Organisme de Gestion des \u00c9coles Catholiques) est constitu\u00e9 pour l&#8217;ann\u00e9e 2021- 2022 de la fa\u00e7on suivante: Pr\u00e9sidente : Mr Mellerin Sulivan Vice-Pr\u00e9sident : Mr Odic&hellip; <br \/> <a class=\"read-more\" href=\"https:\/\/stpere-opportune.fr\/?page_id=145\">Lire la suite<\/a><\/p>\n","protected":false},"author":2,"featured_media":0,"parent":0,"menu_order":0,"comment_status":"closed","ping_status":"closed","template":"","meta":{"ngg_post_thumbnail":0,"footnotes":""},"class_list":["post-145","page","type-page","status-publish","hentry"],"_links":{"self":[{"href":"https:\/\/stpere-opportune.fr\/index.php?rest_route=\/wp\/v2\/pages\/145","targetHints":{"allow":["GET"]}}],"collection":[{"href":"https:\/\/stpere-opportune.fr\/index.php?rest_route=\/wp\/v2\/pages"}],"about":[{"href":"https:\/\/stpere-opportune.fr\/index.php?rest_route=\/wp\/v2\/types\/page"}],"author":[{"embeddable":true,"href":"https:\/\/stpere-opportune.fr\/index.php?rest_route=\/wp\/v2\/users\/2"}],"replies":[{"embeddable":true,"href":"https:\/\/stpere-opportune.fr\/index.php?rest_route=%2Fwp%2Fv2%2Fcomments&post=145"}],"version-history":[{"count":6,"href":"https:\/\/stpere-opportune.fr\/index.php?rest_route=\/wp\/v2\/pages\/145\/revisions"}],"predecessor-version":[{"id":6646,"href":"https:\/\/stpere-opportune.fr\/index.php?rest_route=\/wp\/v2\/pages\/145\/revisions\/6646"}],"wp:attachment":[{"href":"https:\/\/stpere-opportune.fr\/index.php?rest_route=%2Fwp%2Fv2%2Fmedia&parent=145"}],"curies":[{"name":"wp","href":"https:\/\/api.w.org\/{rel}","templated":true}]}}