{"id":142,"date":"2015-05-20T07:21:15","date_gmt":"2015-05-20T06:21:15","guid":{"rendered":"https:\/\/stpere-opportune.fr\/?page_id=142"},"modified":"2021-10-25T09:05:45","modified_gmt":"2021-10-25T08:05:45","slug":"apel","status":"publish","type":"page","link":"https:\/\/stpere-opportune.fr\/?page_id=142","title":{"rendered":"APEL"},"content":{"rendered":"<p>Le bureau de l&#8217;APEL ( Association de Parents d&#8217;\u00e9l\u00e8ves d\u2019\u00c9cole Libre) se compose pour l&#8217;ann\u00e9e 2021- 2022 de :<\/p>\n<p>&#8211; Pr\u00e9sidente : Mme Mellerin<\/p>\n<p>&#8211; Vice- Pr\u00e9sidente : Mr Billot<\/p>\n<p>&#8211; Tr\u00e9sorier : Mme Garnaud<\/p>\n<p>&#8211; Secr\u00e9taire : Mme Lusseau<\/p>\n<p>&nbsp;<\/p>\n<div id=\"sconnect-is-installed\" style=\"display: none;\">&nbsp;<\/div>\n","protected":false},"excerpt":{"rendered":"<p>Le bureau de l&#8217;APEL ( Association de Parents d&#8217;\u00e9l\u00e8ves d\u2019\u00c9cole Libre) se compose pour l&#8217;ann\u00e9e 2021- 2022 de : &#8211; Pr\u00e9sidente : Mme Mellerin &#8211; Vice- Pr\u00e9sidente : Mr Billot&hellip; <br \/> <a class=\"read-more\" href=\"https:\/\/stpere-opportune.fr\/?page_id=142\">Lire la suite<\/a><\/p>\n","protected":false},"author":2,"featured_media":0,"parent":0,"menu_order":0,"comment_status":"closed","ping_status":"closed","template":"","meta":{"ngg_post_thumbnail":0,"footnotes":""},"class_list":["post-142","page","type-page","status-publish","hentry"],"_links":{"self":[{"href":"https:\/\/stpere-opportune.fr\/index.php?rest_route=\/wp\/v2\/pages\/142","targetHints":{"allow":["GET"]}}],"collection":[{"href":"https:\/\/stpere-opportune.fr\/index.php?rest_route=\/wp\/v2\/pages"}],"about":[{"href":"https:\/\/stpere-opportune.fr\/index.php?rest_route=\/wp\/v2\/types\/page"}],"author":[{"embeddable":true,"href":"https:\/\/stpere-opportune.fr\/index.php?rest_route=\/wp\/v2\/users\/2"}],"replies":[{"embeddable":true,"href":"https:\/\/stpere-opportune.fr\/index.php?rest_route=%2Fwp%2Fv2%2Fcomments&post=142"}],"version-history":[{"count":4,"href":"https:\/\/stpere-opportune.fr\/index.php?rest_route=\/wp\/v2\/pages\/142\/revisions"}],"predecessor-version":[{"id":6648,"href":"https:\/\/stpere-opportune.fr\/index.php?rest_route=\/wp\/v2\/pages\/142\/revisions\/6648"}],"wp:attachment":[{"href":"https:\/\/stpere-opportune.fr\/index.php?rest_route=%2Fwp%2Fv2%2Fmedia&parent=142"}],"curies":[{"name":"wp","href":"https:\/\/api.w.org\/{rel}","templated":true}]}}