{"id":102,"date":"2015-05-11T16:15:17","date_gmt":"2015-05-11T15:15:17","guid":{"rendered":"https:\/\/stpere-opportune.fr\/?page_id=102"},"modified":"2025-09-29T09:31:22","modified_gmt":"2025-09-29T08:31:22","slug":"bienvenue-a-lecole","status":"publish","type":"page","link":"https:\/\/stpere-opportune.fr\/?page_id=102","title":{"rendered":"Bienvenue \u00e0 l&#8217;\u00e9cole"},"content":{"rendered":"<p>Bienvenue sur le&nbsp; site de l&#8217;\u00e9cole Sainte Opportune.<\/p>\n<p>Notre \u00e9cole dispose de 9 classes et d&#8217;un dispositif ULIS et accueille 238 \u00e9l\u00e8ves .<\/p>\n<p>Pour tous renseignements, vous pouvez prendre contact par t\u00e9l\u00e9phone au 02 &#8211; 40 &#8211; 21 &#8211; 80 &#8211; 52<\/p>\n<p>par mail \u00e0 l&#8217;adresse : ecstopportune@wanadoo.fr<\/p>\n<p>&nbsp;<\/p>\n<p>Le secr\u00e9tariat est ouvert tous les matins de 7h40 \u00e0 11h45 sauf le mercredi.<\/p>\n<p>Le chef d&#8217;\u00e9tablissement, Ronan M\u00e9rour, se tient \u00e0 votre disposition, sur rendez-vous, les lundis et mardis.<\/p>\n<p>&nbsp;<\/p>\n<p>Ci-dessous notre projet \u00e9ducatif de l&#8217;\u00e9tablissement.<\/p>\n<p><a href=\"https:\/\/stpere-opportune.fr\/?attachment_id=5983\" rel=\"attachment wp-att-5983\">PEE 1<\/a><\/p>\n<p><a href=\"https:\/\/stpere-opportune.fr\/?attachment_id=5984\" rel=\"attachment wp-att-5984\">PEE 2<\/a><\/p>\n<p><a href=\"https:\/\/stpere-opportune.fr\/?attachment_id=5985\" rel=\"attachment wp-att-5985\">PEE<\/a><\/p>\n<p>&nbsp;<\/p>\n<p>&nbsp;<\/p>\n<div id=\"sconnect-is-installed\" style=\"display: none;\">&nbsp;<\/div>\n<div id=\"sconnect-is-installed\" style=\"display: none;\">&nbsp;<\/div>\n<div id=\"sconnect-is-installed\" style=\"display: none;\">&nbsp;<\/div>\n<div id=\"sconnect-is-installed\" style=\"display: none;\">&nbsp;<\/div>\n<div id=\"sconnect-is-installed\" style=\"display: none;\">&nbsp;<\/div>\n<div id=\"sconnect-is-installed\" style=\"display: none;\">&nbsp;<\/div>\n","protected":false},"excerpt":{"rendered":"<p>Bienvenue sur le&nbsp; site de l&#8217;\u00e9cole Sainte Opportune. Notre \u00e9cole dispose de 9 classes et d&#8217;un dispositif ULIS et accueille 238 \u00e9l\u00e8ves . Pour tous renseignements, vous pouvez prendre contact&hellip; <br \/> <a class=\"read-more\" href=\"https:\/\/stpere-opportune.fr\/?page_id=102\">Lire la suite<\/a><\/p>\n","protected":false},"author":2,"featured_media":0,"parent":0,"menu_order":0,"comment_status":"closed","ping_status":"closed","template":"","meta":{"ngg_post_thumbnail":0,"footnotes":""},"class_list":["post-102","page","type-page","status-publish","hentry"],"_links":{"self":[{"href":"https:\/\/stpere-opportune.fr\/index.php?rest_route=\/wp\/v2\/pages\/102","targetHints":{"allow":["GET"]}}],"collection":[{"href":"https:\/\/stpere-opportune.fr\/index.php?rest_route=\/wp\/v2\/pages"}],"about":[{"href":"https:\/\/stpere-opportune.fr\/index.php?rest_route=\/wp\/v2\/types\/page"}],"author":[{"embeddable":true,"href":"https:\/\/stpere-opportune.fr\/index.php?rest_route=\/wp\/v2\/users\/2"}],"replies":[{"embeddable":true,"href":"https:\/\/stpere-opportune.fr\/index.php?rest_route=%2Fwp%2Fv2%2Fcomments&post=102"}],"version-history":[{"count":12,"href":"https:\/\/stpere-opportune.fr\/index.php?rest_route=\/wp\/v2\/pages\/102\/revisions"}],"predecessor-version":[{"id":8754,"href":"https:\/\/stpere-opportune.fr\/index.php?rest_route=\/wp\/v2\/pages\/102\/revisions\/8754"}],"wp:attachment":[{"href":"https:\/\/stpere-opportune.fr\/index.php?rest_route=%2Fwp%2Fv2%2Fmedia&parent=102"}],"curies":[{"name":"wp","href":"https:\/\/api.w.org\/{rel}","templated":true}]}}